{"id":102717,"date":"2023-03-14T10:49:53","date_gmt":"2023-03-14T09:49:53","guid":{"rendered":"https:\/\/www.interkont.de\/o-nas\/"},"modified":"2024-09-12T15:13:47","modified_gmt":"2024-09-12T13:13:47","slug":"o-nas","status":"publish","type":"page","link":"https:\/\/www.interkont.de\/sl\/o-nas\/","title":{"rendered":"O nas"},"content":{"rendered":"<p>[et_pb_section fb_built=&#8221;1&#8243; module_class=&#8221;dp_bread&#8221; _builder_version=&#8221;4.27.0&#8243; _module_preset=&#8221;default&#8221; background_color=&#8221;rgba(2,0,0,0.45)&#8221; background_image=&#8221;https:\/\/www.interkont.de\/wp-content\/uploads\/2024\/08\/Screenshot-2024-08-02-163820.png&#8221; background_blend=&#8221;overlay&#8221; custom_padding=&#8221;||88px|||&#8221; global_colors_info=&#8221;{}&#8221;][et_pb_row _builder_version=&#8221;4.21.0&#8243; _module_preset=&#8221;default&#8221; custom_padding=&#8221;57px||||false|false&#8221; global_colors_info=&#8221;{}&#8221;][et_pb_column type=&#8221;4_4&#8243; _builder_version=&#8221;4.21.0&#8243; _module_preset=&#8221;default&#8221; global_colors_info=&#8221;{}&#8221;][et_pb_text _builder_version=&#8221;4.27.0&#8243; _module_preset=&#8221;default&#8221; text_text_color=&#8221;#FFFFFF&#8221; text_font_size=&#8221;50px&#8221; text_line_height=&#8221;30px&#8221; text_font_size_tablet=&#8221;50px&#8221; text_font_size_phone=&#8221;30px&#8221; text_font_size_last_edited=&#8221;on|phone&#8221; global_colors_info=&#8221;{}&#8221;]<\/p>\n<p>O nas<\/p>\n<p>[\/et_pb_text][\/et_pb_column][\/et_pb_row][\/et_pb_section][et_pb_section fb_built=&#8221;1&#8243; admin_label=&#8221;About Us Style 1 Main Section&#8221; _builder_version=&#8221;4.21.0&#8243; _module_preset=&#8221;default&#8221; custom_padding=&#8221;||||false|false&#8221; locked=&#8221;off&#8221; global_colors_info=&#8221;{}&#8221;][et_pb_row column_structure=&#8221;1_2,1_2&#8243; use_custom_gutter=&#8221;on&#8221; gutter_width=&#8221;2&#8243; make_equal=&#8221;on&#8221; admin_label=&#8221;O nas Slog 1 Glavni razdelek Vrstica 1&#8243; module_class=&#8221;divifactory_aboutv1&#8243; _builder_version=&#8221;4.24.3&#8243; _module_preset=&#8221;default&#8221; max_width=&#8221;1200px&#8221; global_colors_info=&#8221;{}&#8221;][et_pb_column type=&#8221;1_2&#8243; _builder_version=&#8221;4.24.3&#8243; _module_preset=&#8221;default&#8221; background_image=&#8221;https:\/\/www.interkont.de\/wp-content\/uploads\/2024\/04\/Ueber-Uns-2.jpg&#8221; custom_padding_tablet=&#8221;200px|200px|200px|200px|true|true&#8221; custom_padding_phone=&#8221;100px|50px|100px|50px|true|true&#8221; custom_padding_last_edited=&#8221;on|phone&#8221; global_colors_info=&#8221;{}&#8221;][\/et_pb_column][et_pb_column type=&#8221;1_2&#8243; _builder_version=&#8221;4.20.4&#8243; _module_preset=&#8221;default&#8221; global_colors_info=&#8221;{}&#8221;][et_pb_blurb title=&#8221;WE CONNECT WORLDS&#8221; admin_label=&#8221;Title&#8221; module_class=&#8221;divifactory_aboutv1_heading&#8221; _builder_version=&#8221;4.24.3&#8243; _module_preset=&#8221;default&#8221; header_level=&#8221;h2&#8243; header_font=&#8221;|600||on|||||&#8221; header_text_color=&#8221;#e0342c&#8221; header_font_size=&#8221;14px&#8221; header_letter_spacing=&#8221;2px&#8221; header_line_height=&#8221;1.2em&#8221; body_font=&#8221;|700|||||||&#8221; body_text_color=&#8221;#424242&#8243; body_font_size=&#8221;38px&#8221; body_line_height=&#8221;1.3em&#8221; custom_padding=&#8221;0px|||||&#8221; text_orientation_tablet=&#8221;center&#8221; text_orientation_phone=&#8221;center&#8221; text_orientation_last_edited=&#8221;on|tablet&#8221; custom_css_blurb_title=&#8221;position: relative;||margin-bottom:15px;||    display: inline-block;||padding-bottom:0;&#8221; custom_css_blurb_content=&#8221;max-width:100%;&#8221; locked=&#8221;off&#8221; global_colors_info=&#8221;{}&#8221; custom_css_blurb_title_last_edited=&#8221;on|tablet&#8221; custom_css_blurb_title_tablet=&#8221;position: relative;||margin-bottom:15px;||    display: inline-block;||padding-bottom:0;&#8221; custom_css_blurb_title_phone=&#8221;position: relative;||margin-bottom:15px;||    display: inline-block;||padding-bottom:0;&#8221;]<\/p>\n<p style=\"text-align: left;\"><span class=\"et_pb_fullwidth_header_subhead\">Va\u0161 partner za avtomatizacijo, elektromehaniko, kabelsko konfekcijo in testno tehnologijo.<\/span><\/p>\n<p>[\/et_pb_blurb][et_pb_text _builder_version=&#8221;4.27.0&#8243; _module_preset=&#8221;default&#8221; text_font_size=&#8221;15px&#8221; custom_margin=&#8221;||30px||false|false&#8221; custom_margin_tablet=&#8221;0px||0px||false|false&#8221; custom_margin_phone=&#8221;||0px||false|false&#8221; custom_margin_last_edited=&#8221;on|tablet&#8221; text_orientation_tablet=&#8221;center&#8221; text_orientation_phone=&#8221;center&#8221; text_orientation_last_edited=&#8221;on|tablet&#8221; locked=&#8221;off&#8221; global_colors_info=&#8221;{}&#8221;]<\/p>\n<p style=\"text-align: left;\">V podjetju Interkont Berger \u017ee ve\u010d kot 45 let zdru\u017eujemo svetove razli\u010dnih podro\u010dij, kot so industrija in proizvodnja (predelovalna industrija, strojegradnja, orodjarstvo, energetika, in\u0161talacije v stavbah\/tehnologija stikalnih naprav, pametni dom, HVAC, izdelava tiskanih vezij); mobilnost in transport (avtomobilska industrija\/e-mobilnost, tirna vozila, caravaning, specialna vozila, plovila, kmetijska in gozdarska mehanizacija, gradbeni stroji, letalstvo); tehnologija naprav in aparatov (gospodinjski aparati, medicinska tehnika, profesionalna orodja) in telekomunikacije (\u010dasovni in frekven\u010dni nadzor ter napajalna elektronika, proizvodnja elektri\u010dne energije, shranjevanje energije in filtriranje signalov, radiofrekven\u010dni in mikrovalovni sistemi).<\/p>\n<p style=\"text-align: left;\">Z desetletji izku\u0161enj, strankam prijazno logistiko, z ogromno proizvajalci na enem mestu in tehni\u010dno podporo smo si ustvarili trdno mesto na trgu in smo kot zanesljiv partner, zastopnik in ponudnik re\u0161itev trenutno prisotni na 18 evropskih trgih.<\/p>\n<p style=\"text-align: left;\">Z globokim spo\u0161tovanjem tradicije, odgovornim pristopom do strank in dobaviteljev ter mo\u010dno vizijo za prihodnost smo pripravljeni na nove izzive. Vabimo vas, da se nam pridru\u017eite na tej poti. <\/p>\n<p style=\"text-align: left;\"><em>Anja \u010cerne, direktorica<\/em><\/p>\n<p>[\/et_pb_text][et_pb_blurb title=&#8221;po\u0161ljite povpra\u0161evanje&#8221; url=&#8221;@ET-DC@eyJkeW5hbWljIjp0cnVlLCJjb250ZW50IjoicG9zdF9saW5rX3VybF9wYWdlIiwic2V0dGluZ3MiOnsicG9zdF9pZCI6IjkwNjcyIiwiZW5hYmxlX2h0bWwiOiJvZmYifX0=@&#8221; url_new_window=&#8221;on&#8221; use_icon=&#8221;on&#8221; font_icon=&#8221;&#xe010;||divi||400&#8243; icon_placement=&#8221;left&#8221; image_icon_width=&#8221;25px&#8221; icon_placement_tablet=&#8221;top&#8221; icon_placement_phone=&#8221;top&#8221; icon_placement_last_edited=&#8221;on|tablet&#8221; admin_label=&#8221;Icon &#038; Title &#038; Description&#8221; module_class=&#8221;divifactory_ctav1_blurb&#8221; _builder_version=&#8221;4.27.0&#8243; _dynamic_attributes=&#8221;url,link_option_url&#8221; _module_preset=&#8221;default&#8221; header_font=&#8221;Trebuchet||||||||&#8221; header_text_color=&#8221;#FFFFFF&#8221; header_font_size=&#8221;28px&#8221; body_font=&#8221;|600|||||||&#8221; body_text_color=&#8221;#FFFFFF&#8221; body_font_size=&#8221;24px&#8221; background_color=&#8221;#424242&#8243; custom_margin=&#8221;||||false|false&#8221; custom_margin_tablet=&#8221;||||false|false&#8221; custom_margin_phone=&#8221;30px||||false|false&#8221; custom_margin_last_edited=&#8221;on|phone&#8221; custom_padding=&#8221;30px||30px|139px|true|false&#8221; custom_padding_tablet=&#8221;30px||30px|139px|true|false&#8221; custom_padding_phone=&#8221;|||0px|true|false&#8221; custom_padding_last_edited=&#8221;on|phone&#8221; link_option_url=&#8221;@ET-DC@eyJkeW5hbWljIjp0cnVlLCJjb250ZW50IjoicG9zdF9saW5rX3VybF9wYWdlIiwic2V0dGluZ3MiOnsicG9zdF9pZCI6IjkwNjcyIiwiZW5hYmxlX2h0bWwiOiJvZmYifX0=@&#8221; link_option_url_new_window=&#8221;on&#8221; text_orientation_tablet=&#8221;center&#8221; text_orientation_phone=&#8221;&#8221; text_orientation_last_edited=&#8221;on|phone&#8221; global_colors_info=&#8221;{}&#8221;]<\/p>\n<p><a href=\"mailto:info@interkont.de\" target=\"_blank\" rel=\"noopener\">info@interkont.de<\/a><\/p>\n<p>[\/et_pb_blurb][\/et_pb_column][\/et_pb_row][\/et_pb_section][et_pb_section fb_built=&#8221;1&#8243; admin_label=&#8221;Steps Style 5 Main Section&#8221; _builder_version=&#8221;4.24.3&#8243; _module_preset=&#8221;default&#8221; background_color=&#8221;#F5F5F5&#8243; custom_padding=&#8221;0px||19px||false|false&#8221; saved_tabs=&#8221;all&#8221; global_colors_info=&#8221;{}&#8221;][et_pb_row column_structure=&#8221;1_5,3_5,1_5&#8243; use_custom_gutter=&#8221;on&#8221; gutter_width=&#8221;2&#8243; custom_padding_last_edited=&#8221;on|tablet&#8221; admin_label=&#8221;Koraki slog 5 Glavni del vrstica 1&#8243; module_class=&#8221;divifactory_stepsv5_heading&#8221; _builder_version=&#8221;4.20.2&#8243; _module_preset=&#8221;default&#8221; width=&#8221;90%&#8221; max_width=&#8221;1200px&#8221; custom_padding_tablet=&#8221;||0px||false|false&#8221; custom_padding_phone=&#8221;||0px||false|false&#8221; locked=&#8221;off&#8221; global_colors_info=&#8221;{}&#8221;][et_pb_column type=&#8221;1_5&#8243; _builder_version=&#8221;4.19.3&#8243; _module_preset=&#8221;default&#8221; global_colors_info=&#8221;{}&#8221;][\/et_pb_column][et_pb_column type=&#8221;3_5&#8243; _builder_version=&#8221;4.19.3&#8243; _module_preset=&#8221;default&#8221; global_colors_info=&#8221;{}&#8221;][et_pb_blurb admin_label=&#8221;Title&#8221; _builder_version=&#8221;4.24.3&#8243; _module_preset=&#8221;default&#8221; header_font=&#8221;|600||on|||||&#8221; header_text_color=&#8221;#e0342c&#8221; header_font_size=&#8221;14px&#8221; header_letter_spacing=&#8221;2px&#8221; header_line_height=&#8221;1.2em&#8221; body_font=&#8221;|700|||||||&#8221; body_text_color=&#8221;#424242&#8243; body_font_size=&#8221;38px&#8221; body_line_height=&#8221;1.3em&#8221; text_orientation=&#8221;center&#8221; text_orientation_tablet=&#8221;center&#8221; text_orientation_phone=&#8221;center&#8221; text_orientation_last_edited=&#8221;on|tablet&#8221; custom_css_blurb_title=&#8221;position: relative;||margin-bottom:15px;||    display: inline-block;||padding-bottom:0;&#8221; custom_css_blurb_content=&#8221;max-width:100%;&#8221; locked=&#8221;off&#8221; global_colors_info=&#8221;{}&#8221; custom_css_blurb_title_last_edited=&#8221;on|tablet&#8221; custom_css_blurb_title_tablet=&#8221;position: relative;||margin-bottom:15px;||    display: inline-block;||padding-bottom:0;&#8221; custom_css_blurb_title_phone=&#8221;position: relative;||margin-bottom:15px;||    display: inline-block;||padding-bottom:0;&#8221;]<\/p>\n<p>Na\u0161e prednosti<\/p>\n<p>[\/et_pb_blurb][\/et_pb_column][et_pb_column type=&#8221;1_5&#8243; _builder_version=&#8221;4.19.3&#8243; _module_preset=&#8221;default&#8221; global_colors_info=&#8221;{}&#8221;][\/et_pb_column][\/et_pb_row][et_pb_row column_structure=&#8221;1_5,1_5,1_5,1_5,1_5&#8243; use_custom_gutter=&#8221;on&#8221; gutter_width=&#8221;2&#8243; admin_label=&#8221;Koraki slog 5 Glavni del vrstica 2&#8243; module_class=&#8221;divifactory_stepsv5&#8243; _builder_version=&#8221;4.24.3&#8243; _module_preset=&#8221;default&#8221; max_width=&#8221;1200px&#8221; custom_margin=&#8221;1px|auto||auto|false|false&#8221; custom_margin_tablet=&#8221;0px||||false|false&#8221; custom_margin_phone=&#8221;0px||||false|false&#8221; custom_margin_last_edited=&#8221;on|tablet&#8221; global_colors_info=&#8221;{}&#8221;][et_pb_column type=&#8221;1_5&#8243; _builder_version=&#8221;4.20.2&#8243; _module_preset=&#8221;default&#8221; global_colors_info=&#8221;{}&#8221;][et_pb_blurb title=&#8221;desetletja izku\u0161enj&#8221; use_icon=&#8221;on&#8221; font_icon=&#8221;&#x5a;||divi||400&#8243; image_icon_background_color=&#8221;#FFFFFF&#8221; image_icon_width=&#8221;60px&#8221; admin_label=&#8221;Icon &#038; Description&#8221; module_class=&#8221;divifactory_featurev4_blurb&#8221; _builder_version=&#8221;4.24.3&#8243; _module_preset=&#8221;default&#8221; header_font=&#8221;|600|||||||&#8221; header_font_size=&#8221;22px&#8221; body_font_size=&#8221;15px&#8221; body_line_height=&#8221;1.9em&#8221; text_orientation=&#8221;center&#8221; custom_css_blurb_image=&#8221;position:relative;||margin-bottom:45px;&#8221; border_style_all=&#8221;none&#8221; border_width_bottom=&#8221;1px&#8221; border_color_bottom=&#8221;#d1d1d1&#8243; border_color_all_image=&#8221;#F5F5F5&#8243; locked=&#8221;off&#8221; global_colors_info=&#8221;{}&#8221; custom_css_blurb_image_last_edited=&#8221;on|phone&#8221; custom_css_blurb_image_phone=&#8221;margin-bottom:15px;&#8221; custom_css_blurb_image_tablet=&#8221;position:relative;||margin-bottom:45px;&#8221;][\/et_pb_blurb][\/et_pb_column][et_pb_column type=&#8221;1_5&#8243; _builder_version=&#8221;4.20.2&#8243; _module_preset=&#8221;default&#8221; global_colors_info=&#8221;{}&#8221;][et_pb_blurb title=&#8221;kupcem prijazna logistika&#8221; use_icon=&#8221;on&#8221; font_icon=&#8221;&#xf59d;||fa||900&#8243; image_icon_background_color=&#8221;#FFFFFF&#8221; image_icon_width=&#8221;60px&#8221; admin_label=&#8221;Icon &#038; Description&#8221; module_class=&#8221;divifactory_featurev4_blurb&#8221; _builder_version=&#8221;4.24.3&#8243; _module_preset=&#8221;default&#8221; header_font=&#8221;|600|||||||&#8221; header_font_size=&#8221;22px&#8221; body_font_size=&#8221;15px&#8221; body_line_height=&#8221;1.9em&#8221; text_orientation=&#8221;center&#8221; custom_css_blurb_image=&#8221;position:relative;||margin-bottom:45px;&#8221; border_style_all=&#8221;none&#8221; border_width_bottom=&#8221;1px&#8221; border_color_bottom=&#8221;#d1d1d1&#8243; border_color_all_image=&#8221;#F5F5F5&#8243; locked=&#8221;off&#8221; global_colors_info=&#8221;{}&#8221; custom_css_blurb_image_last_edited=&#8221;on|phone&#8221; custom_css_blurb_image_phone=&#8221;margin-bottom:15px;&#8221; custom_css_blurb_image_tablet=&#8221;position:relative;||margin-bottom:45px;&#8221;][\/et_pb_blurb][\/et_pb_column][et_pb_column type=&#8221;1_5&#8243; _builder_version=&#8221;4.20.2&#8243; _module_preset=&#8221;default&#8221; global_colors_info=&#8221;{}&#8221;][et_pb_blurb title=&#8221;ve\u010d kot 200 proizvajalcev na enem mestu&#8221; use_icon=&#8221;on&#8221; font_icon=&#8221;&#xf0b1;||fa||900&#8243; image_icon_background_color=&#8221;#FFFFFF&#8221; image_icon_width=&#8221;60px&#8221; admin_label=&#8221;Icon &#038; Description&#8221; module_class=&#8221;divifactory_featurev4_blurb&#8221; _builder_version=&#8221;4.24.3&#8243; _module_preset=&#8221;default&#8221; header_font=&#8221;|600|||||||&#8221; header_font_size=&#8221;22px&#8221; body_font_size=&#8221;15px&#8221; body_line_height=&#8221;1.9em&#8221; text_orientation=&#8221;center&#8221; custom_css_blurb_image=&#8221;position:relative;||margin-bottom:45px;&#8221; border_style_all=&#8221;none&#8221; border_width_bottom=&#8221;1px&#8221; border_color_bottom=&#8221;#d1d1d1&#8243; border_color_all_image=&#8221;#F5F5F5&#8243; locked=&#8221;off&#8221; global_colors_info=&#8221;{}&#8221; custom_css_blurb_image_last_edited=&#8221;on|phone&#8221; custom_css_blurb_image_phone=&#8221;margin-bottom:15px;&#8221; custom_css_blurb_image_tablet=&#8221;position:relative;||margin-bottom:45px;&#8221;][\/et_pb_blurb][\/et_pb_column][et_pb_column type=&#8221;1_5&#8243; _builder_version=&#8221;4.20.2&#8243; _module_preset=&#8221;default&#8221; global_colors_info=&#8221;{}&#8221;][et_pb_blurb title=&#8221;tehni\u010dna podpora&#8221; use_icon=&#8221;on&#8221; font_icon=&#8221;&#xe035;||divi||400&#8243; image_icon_background_color=&#8221;#FFFFFF&#8221; image_icon_width=&#8221;60px&#8221; admin_label=&#8221;Icon &#038; Description&#8221; module_class=&#8221;divifactory_featurev4_blurb&#8221; _builder_version=&#8221;4.24.3&#8243; _module_preset=&#8221;default&#8221; header_font=&#8221;|600|||||||&#8221; header_font_size=&#8221;22px&#8221; body_font_size=&#8221;15px&#8221; body_line_height=&#8221;1.9em&#8221; text_orientation=&#8221;center&#8221; custom_css_blurb_image=&#8221;position:relative;||margin-bottom:45px;&#8221; border_style_all=&#8221;none&#8221; border_width_bottom=&#8221;1px&#8221; border_color_bottom=&#8221;#d1d1d1&#8243; border_color_all_image=&#8221;#F5F5F5&#8243; locked=&#8221;off&#8221; global_colors_info=&#8221;{}&#8221; custom_css_blurb_image_last_edited=&#8221;on|phone&#8221; custom_css_blurb_image_phone=&#8221;margin-bottom:15px;&#8221; custom_css_blurb_image_tablet=&#8221;position:relative;||margin-bottom:45px;&#8221;][\/et_pb_blurb][\/et_pb_column][et_pb_column type=&#8221;1_5&#8243; _builder_version=&#8221;4.20.2&#8243; _module_preset=&#8221;default&#8221; global_colors_info=&#8221;{}&#8221;][et_pb_blurb title=&#8221;dragocena partnerstva s strankami in dobavitelji&#8221; use_icon=&#8221;on&#8221; font_icon=&#8221;&#xf2b5;||fa||400&#8243; image_icon_background_color=&#8221;#FFFFFF&#8221; image_icon_width=&#8221;60px&#8221; admin_label=&#8221;Icon &#038; Description&#8221; module_class=&#8221;divifactory_featurev4_blurb&#8221; _builder_version=&#8221;4.24.3&#8243; _module_preset=&#8221;default&#8221; header_font=&#8221;|600|||||||&#8221; header_font_size=&#8221;22px&#8221; body_font_size=&#8221;15px&#8221; body_line_height=&#8221;1.9em&#8221; text_orientation=&#8221;center&#8221; custom_css_blurb_image=&#8221;position:relative;||margin-bottom:45px;&#8221; border_style_all=&#8221;none&#8221; border_width_bottom=&#8221;1px&#8221; border_color_bottom=&#8221;#d1d1d1&#8243; border_color_all_image=&#8221;#F5F5F5&#8243; locked=&#8221;off&#8221; global_colors_info=&#8221;{}&#8221; custom_css_blurb_image_last_edited=&#8221;on|phone&#8221; custom_css_blurb_image_phone=&#8221;margin-bottom:15px;&#8221; custom_css_blurb_image_tablet=&#8221;position:relative;||margin-bottom:45px;&#8221;][\/et_pb_blurb][\/et_pb_column][\/et_pb_row][\/et_pb_section][et_pb_section fb_built=&#8221;1&#8243; _builder_version=&#8221;4.25.2&#8243; _module_preset=&#8221;default&#8221; use_background_color_gradient=&#8221;on&#8221; background_color_gradient_direction=&#8221;162deg&#8221; background_color_gradient_stops=&#8221;rgba(2,0,0,0.4) 0%|rgba(2,0,0,0.61) 100%&#8221; background_color_gradient_overlays_image=&#8221;on&#8221; background_image=&#8221;https:\/\/www.interkont.de\/wp-content\/uploads\/2024\/04\/Vertretungen1_1.jpg&#8221; custom_padding=&#8221;18px||4px|||&#8221; global_colors_info=&#8221;{}&#8221;][et_pb_row _builder_version=&#8221;4.24.3&#8243; _module_preset=&#8221;default&#8221; custom_padding=&#8221;||4px|||&#8221; global_colors_info=&#8221;{}&#8221;][et_pb_column type=&#8221;4_4&#8243; _builder_version=&#8221;4.24.3&#8243; _module_preset=&#8221;default&#8221; global_colors_info=&#8221;{}&#8221;][et_pb_blurb admin_label=&#8221;Title&#8221; module_class=&#8221;divifactory_featurev4_heading&#8221; _builder_version=&#8221;4.25.2&#8243; _module_preset=&#8221;default&#8221; header_font=&#8221;|600||on|||||&#8221; header_text_color=&#8221;#e0342c&#8221; header_font_size=&#8221;14px&#8221; header_letter_spacing=&#8221;2px&#8221; header_line_height=&#8221;1.2em&#8221; body_font=&#8221;|700|||||||&#8221; body_text_color=&#8221;#424242&#8243; body_font_size=&#8221;38px&#8221; body_line_height=&#8221;1.3em&#8221; text_orientation=&#8221;center&#8221; custom_margin=&#8221;||25px||false|false&#8221; text_orientation_tablet=&#8221;center&#8221; text_orientation_phone=&#8221;center&#8221; text_orientation_last_edited=&#8221;on|tablet&#8221; custom_css_blurb_title=&#8221;position: relative;||margin-bottom:15px;||    display: inline-block;||padding-bottom:0;&#8221; custom_css_blurb_content=&#8221;max-width:100%;&#8221; locked=&#8221;off&#8221; global_colors_info=&#8221;{}&#8221; custom_css_blurb_title_last_edited=&#8221;on|tablet&#8221; custom_css_blurb_title_tablet=&#8221;position: relative;||margin-bottom:15px;||    display: inline-block;||padding-bottom:0;&#8221; custom_css_blurb_title_phone=&#8221;position: relative;||margin-bottom:15px;||    display: inline-block;||padding-bottom:0;&#8221;]<\/p>\n<p><span style=\"color: #ffffff;\">Kontakt<\/span><\/p>\n<p>[\/et_pb_blurb][\/et_pb_column][\/et_pb_row][et_pb_row column_structure=&#8221;1_2,1_2&#8243; use_custom_gutter=&#8221;on&#8221; gutter_width=&#8221;2&#8243; admin_label=&#8221;Ekipni slog 4 Glavni oddelek Vrstica 2&#8243; module_class=&#8221;divifactory_teamv4&#8243; _builder_version=&#8221;4.25.0&#8243; _module_preset=&#8221;default&#8221; max_width=&#8221;1200px&#8221; custom_padding=&#8221;1px|||||&#8221; global_colors_info=&#8221;{}&#8221;][et_pb_column type=&#8221;1_2&#8243; _builder_version=&#8221;4.20.2&#8243; _module_preset=&#8221;default&#8221; custom_padding=&#8221;25px|25px|25px|25px|true|true&#8221; custom_css_main_element=&#8221;    transition: all .5s;&#8221; border_radii=&#8221;on|10px|10px|10px|10px&#8221; global_colors_info=&#8221;{}&#8221; custom_css_main_element__hover_enabled=&#8221;on|hover&#8221; custom_css_main_element__hover=&#8221;box-shadow: 0 15px 38px 0 rgba(0,0,0,0.1);||&#8221;][et_pb_team_member name=&#8221;Claudio Madeira Martins&#8221; position=&#8221;Projektni vodja, produktni vodja in tehni\u010dna prodaja&#8221; icon_color=&#8221;#424242&#8243; _builder_version=&#8221;4.27.0&#8243; _module_preset=&#8221;default&#8221; header_font=&#8221;|600|||||||&#8221; header_text_color=&#8221;#FFFFFF&#8221; header_font_size=&#8221;27px&#8221; body_font=&#8221;Arial||||||||&#8221; body_font_size=&#8221;16px&#8221; position_text_color=&#8221;#FFFFFF&#8221; text_orientation=&#8221;center&#8221; hover_enabled=&#8221;0&#8243; custom_css_member_image=&#8221;||margin:0 auto !important;&#8221; custom_css_member_description=&#8221;padding-top: 40px;||position: relative;&#8221; custom_css_member_social_links=&#8221;background:#f5f5f5;||border-radius:30px;||    position: absolute;||    top: -30px;||    left: 0;||    right: 0;||    margin: auto;||    text-align: center;||padding:8px 0;&#8221; border_radii_image=&#8221;on|50%|50%|50%|50%&#8221; locked=&#8221;off&#8221; global_colors_info=&#8221;{}&#8221; icon_color__hover_enabled=&#8221;on|hover&#8221; icon_color__hover=&#8221;#e0342c&#8221; sticky_enabled=&#8221;0&#8243;]<\/p>\n<p><span style=\"color: #ffffff;\"><strong><\/strong><\/span><\/p>\n<p><span style=\"color: #ffffff;\"><strong>E-naslov:<\/strong><a href=\"mailto:claudio.martins@interkont.de\" style=\"color: #ffffff;\"> claudio.martins@interkont.de<\/a><\/span><br \/><span style=\"color: #ffffff;\"><strong>Tel.:<\/strong> +49 (0) 8331 9799 &#8211; 15<\/span><br \/><span style=\"color: #ffffff;\"><strong>Mobilna \u0161t.:<\/strong> + 49 (0) 160 92060319<\/span><\/p>\n<p>[\/et_pb_team_member][\/et_pb_column][et_pb_column type=&#8221;1_2&#8243; _builder_version=&#8221;4.20.2&#8243; _module_preset=&#8221;default&#8221; custom_padding=&#8221;25px|25px|25px|25px|true|true&#8221; custom_css_main_element=&#8221;    transition: all .5s;&#8221; border_radii=&#8221;on|10px|10px|10px|10px&#8221; global_colors_info=&#8221;{}&#8221; custom_css_main_element__hover=&#8221;box-shadow: 0 15px 38px 0 rgba(0,0,0,0.1);||&#8221; custom_css_main_element__hover_enabled=&#8221;on|hover&#8221;][et_pb_team_member name=&#8221;Anja \u010cerne&#8221; position=&#8221;Direktorica, prodaja&#8221; icon_color=&#8221;#424242&#8243; _builder_version=&#8221;4.27.0&#8243; _module_preset=&#8221;default&#8221; header_font=&#8221;|600|||||||&#8221; header_text_color=&#8221;#FFFFFF&#8221; header_font_size=&#8221;27px&#8221; body_font=&#8221;Arial||||||||&#8221; body_font_size=&#8221;16px&#8221; position_text_color=&#8221;#FFFFFF&#8221; text_orientation=&#8221;center&#8221; hover_enabled=&#8221;0&#8243; custom_css_member_image=&#8221;||margin:0 auto !important;&#8221; custom_css_member_description=&#8221;padding-top: 40px;||position: relative;&#8221; custom_css_member_social_links=&#8221;background:#f5f5f5;||border-radius:30px;||    position: absolute;||    top: -30px;||    left: 0;||    right: 0;||    margin: auto;||    text-align: center;||padding:8px 0;&#8221; border_radii_image=&#8221;on|50%|50%|50%|50%&#8221; locked=&#8221;off&#8221; global_colors_info=&#8221;{}&#8221; icon_color__hover_enabled=&#8221;on|hover&#8221; icon_color__hover=&#8221;#e0342c&#8221; sticky_enabled=&#8221;0&#8243;]<\/p>\n<p><span style=\"color: #ffffff;\"> <\/span><\/p>\n<p><span style=\"color: #ffffff;\"><strong>E-naslov:<\/strong><a href=\"mailto:a.cerne@interkont.de\" style=\"color: #ffffff;\"> a.cerne@interkont.de<\/a><\/span><br \/><span style=\"color: #ffffff;\"><span lang=\"EN-US\"><\/span><strong>Tel.:<\/strong> +49 (0) 8331 9799 &#8211; 12<\/span><br \/><span style=\"color: #ffffff;\"><strong>Mobilna \u0161t. &#8211; SLO:<\/strong> +386 (0) 41 729365<\/span><br \/><span style=\"color: #ffffff;\"><strong>Mobilna \u0161t. &#8211; NEM:<\/strong> +49 (0) 160 96272511<\/span><\/p>\n<p>[\/et_pb_team_member][\/et_pb_column][\/et_pb_row][\/et_pb_section]<\/p>\n","protected":false},"excerpt":{"rendered":"<p>O nasVa\u0161 partner za avtomatizacijo, elektromehaniko, kabelsko konfekcijo in testno tehnologijo.V podjetju Interkont Berger \u017ee ve\u010d kot 45 let zdru\u017eujemo svetove razli\u010dnih podro\u010dij, kot so industrija in proizvodnja (predelovalna industrija, strojegradnja, orodjarstvo, energetika, in\u0161talacije v stavbah\/tehnologija stikalnih naprav, pametni dom, HVAC, izdelava tiskanih vezij); mobilnost in transport (avtomobilska industrija\/e-mobilnost, tirna vozila, caravaning, specialna vozila, plovila, [&hellip;]<\/p>\n","protected":false},"author":1,"featured_media":101069,"parent":0,"menu_order":0,"comment_status":"closed","ping_status":"closed","template":"","meta":{"_et_pb_use_builder":"on","_et_pb_old_content":"","_et_gb_content_width":"","footnotes":""},"class_list":["post-102717","page","type-page","status-publish","has-post-thumbnail","hentry"],"aioseo_notices":[],"_links":{"self":[{"href":"https:\/\/www.interkont.de\/sl\/wp-json\/wp\/v2\/pages\/102717","targetHints":{"allow":["GET"]}}],"collection":[{"href":"https:\/\/www.interkont.de\/sl\/wp-json\/wp\/v2\/pages"}],"about":[{"href":"https:\/\/www.interkont.de\/sl\/wp-json\/wp\/v2\/types\/page"}],"author":[{"embeddable":true,"href":"https:\/\/www.interkont.de\/sl\/wp-json\/wp\/v2\/users\/1"}],"replies":[{"embeddable":true,"href":"https:\/\/www.interkont.de\/sl\/wp-json\/wp\/v2\/comments?post=102717"}],"version-history":[{"count":22,"href":"https:\/\/www.interkont.de\/sl\/wp-json\/wp\/v2\/pages\/102717\/revisions"}],"predecessor-version":[{"id":103021,"href":"https:\/\/www.interkont.de\/sl\/wp-json\/wp\/v2\/pages\/102717\/revisions\/103021"}],"wp:featuredmedia":[{"embeddable":true,"href":"https:\/\/www.interkont.de\/sl\/wp-json\/wp\/v2\/media\/101069"}],"wp:attachment":[{"href":"https:\/\/www.interkont.de\/sl\/wp-json\/wp\/v2\/media?parent=102717"}],"curies":[{"name":"wp","href":"https:\/\/api.w.org\/{rel}","templated":true}]}}